{"id":1872,"date":"2024-02-14T12:18:49","date_gmt":"2024-02-14T11:18:49","guid":{"rendered":"https:\/\/bedzieladnie.com\/?page_id=1872"},"modified":"2024-03-24T15:56:51","modified_gmt":"2024-03-24T14:56:51","slug":"homepage","status":"publish","type":"page","link":"https:\/\/bedzieladnie.com\/en\/homepage\/","title":{"rendered":"Homepage"},"content":{"rendered":"","protected":false},"excerpt":{"rendered":"","protected":false},"author":1,"featured_media":0,"parent":0,"menu_order":0,"comment_status":"closed","ping_status":"closed","template":"","meta":{"inline_featured_image":false,"footnotes":""},"class_list":["post-1872","page","type-page","status-publish","hentry"],"yoast_head":"<!-- This site is optimized with the Yoast SEO plugin v26.8 - https:\/\/yoast.com\/product\/yoast-seo-wordpress\/ -->\n<title>Produkcja film\u00f3w promocyjnych | Agencja filmowa - B\u0119dzie\u0142adnie<\/title>\n<meta name=\"description\" content=\"Agencja filmowa: zajmujemy si\u0119 produkcj\u0105 film\u00f3w promocyjnych. Kr\u0119cimy spoty reklamowe oraz filmy reklamowe. Z nami zawsze B\u0119dzie \u0141adnie.\" \/>\n<meta name=\"robots\" content=\"index, follow, max-snippet:-1, max-image-preview:large, max-video-preview:-1\" \/>\n<link rel=\"canonical\" href=\"https:\/\/bedzieladnie.com\/en\/homepage\/\" \/>\n<meta property=\"og:locale\" content=\"en_GB\" \/>\n<meta property=\"og:type\" content=\"article\" \/>\n<meta property=\"og:title\" content=\"Produkcja film\u00f3w reklamowych | Agencja filmowa - B\u0119dzie\u0142adnie\" \/>\n<meta property=\"og:description\" content=\"Agencja filmowa: zajmujemy si\u0119 produkcj\u0105 film\u00f3w reklamowych. Kr\u0119cimy spoty reklamowe oraz filmy promocyjne. Z nami zawsze B\u0119dzie \u0141adnie.\" \/>\n<meta property=\"og:url\" content=\"https:\/\/bedzieladnie.com\/en\/homepage\/\" \/>\n<meta property=\"og:site_name\" content=\"B\u0119dzie \u0141adnie\" \/>\n<meta property=\"article:publisher\" content=\"https:\/\/www.facebook.com\/bedzieladnie\" \/>\n<meta property=\"article:modified_time\" content=\"2024-03-24T14:56:51+00:00\" \/>\n<meta property=\"og:image\" content=\"https:\/\/bedzieladnie.com\/wp-content\/uploads\/2024\/03\/filmy-reklamowe-bedzieladnie.com_-1.png\" \/>\n\t<meta property=\"og:image:width\" content=\"2000\" \/>\n\t<meta property=\"og:image:height\" content=\"1186\" \/>\n\t<meta property=\"og:image:type\" content=\"image\/png\" \/>\n<meta name=\"twitter:card\" content=\"summary_large_image\" \/>\n<meta name=\"twitter:title\" content=\"Produkcja film\u00f3w reklamowych | Agencja filmowa - B\u0119dzie\u0142adnie\" \/>\n<meta name=\"twitter:description\" content=\"Agencja filmowa: zajmujemy si\u0119 produkcj\u0105 film\u00f3w reklamowych. Kr\u0119cimy spoty reklamowe oraz filmy promocyjne. Z nami zawsze B\u0119dzie \u0141adnie.\" \/>\n<meta name=\"twitter:image\" content=\"https:\/\/bedzieladnie.com\/wp-content\/uploads\/2024\/03\/filmy-reklamowe-bedzieladnie.com_-1.png\" \/>\n<meta name=\"twitter:label1\" content=\"Estimated reading time\" \/>\n\t<meta name=\"twitter:data1\" content=\"1 minute\" \/>\n<script type=\"application\/ld+json\" class=\"yoast-schema-graph\">{\"@context\":\"https:\/\/schema.org\",\"@graph\":[{\"@type\":\"WebPage\",\"@id\":\"https:\/\/bedzieladnie.com\/strona-glowna\/\",\"url\":\"https:\/\/bedzieladnie.com\/strona-glowna\/\",\"name\":\"Produkcja film\u00f3w promocyjnych | Agencja filmowa - B\u0119dzie\u0142adnie\",\"isPartOf\":{\"@id\":\"https:\/\/bedzieladnie.com\/#website\"},\"datePublished\":\"2024-02-14T11:18:49+00:00\",\"dateModified\":\"2024-03-24T14:56:51+00:00\",\"description\":\"Agencja filmowa: zajmujemy si\u0119 produkcj\u0105 film\u00f3w promocyjnych. Kr\u0119cimy spoty reklamowe oraz filmy reklamowe. Z nami zawsze B\u0119dzie \u0141adnie.\",\"breadcrumb\":{\"@id\":\"https:\/\/bedzieladnie.com\/strona-glowna\/#breadcrumb\"},\"inLanguage\":\"en-GB\",\"potentialAction\":[{\"@type\":\"ReadAction\",\"target\":[\"https:\/\/bedzieladnie.com\/strona-glowna\/\"]}]},{\"@type\":\"BreadcrumbList\",\"@id\":\"https:\/\/bedzieladnie.com\/strona-glowna\/#breadcrumb\",\"itemListElement\":[{\"@type\":\"ListItem\",\"position\":1,\"name\":\"Strona g\u0142\u00f3wna\",\"item\":\"https:\/\/bedzieladnie.com\/\"},{\"@type\":\"ListItem\",\"position\":2,\"name\":\"Strona g\u0142\u00f3wna\"}]},{\"@type\":\"WebSite\",\"@id\":\"https:\/\/bedzieladnie.com\/#website\",\"url\":\"https:\/\/bedzieladnie.com\/\",\"name\":\"B\u0119dzie \u0141adnie\",\"description\":\"Strona producenta film\u00f3w reklamowych, instrukta\u017cowych, reklam i wiele innych!\",\"publisher\":{\"@id\":\"https:\/\/bedzieladnie.com\/#organization\"},\"potentialAction\":[{\"@type\":\"SearchAction\",\"target\":{\"@type\":\"EntryPoint\",\"urlTemplate\":\"https:\/\/bedzieladnie.com\/?s={search_term_string}\"},\"query-input\":{\"@type\":\"PropertyValueSpecification\",\"valueRequired\":true,\"valueName\":\"search_term_string\"}}],\"inLanguage\":\"en-GB\"},{\"@type\":\"Organization\",\"@id\":\"https:\/\/bedzieladnie.com\/#organization\",\"name\":\"B\u0119dzie \u0141adnie - Produkcja Filmowa\",\"url\":\"https:\/\/bedzieladnie.com\/\",\"logo\":{\"@type\":\"ImageObject\",\"inLanguage\":\"en-GB\",\"@id\":\"https:\/\/bedzieladnie.com\/#\/schema\/logo\/image\/\",\"url\":\"https:\/\/bedzieladnie.com\/wp-content\/uploads\/2021\/04\/about-us-image-min.png\",\"contentUrl\":\"https:\/\/bedzieladnie.com\/wp-content\/uploads\/2021\/04\/about-us-image-min.png\",\"width\":206,\"height\":206,\"caption\":\"B\u0119dzie \u0141adnie - Produkcja Filmowa\"},\"image\":{\"@id\":\"https:\/\/bedzieladnie.com\/#\/schema\/logo\/image\/\"},\"sameAs\":[\"https:\/\/www.facebook.com\/bedzieladnie\"]}]}<\/script>\n<!-- \/ Yoast SEO plugin. -->","yoast_head_json":{"title":"Production of promotional films | Film agency - B\u0119dzie\u0142adnie","description":"Film agency: we produce promotional films. We shoot advertising spots and promotional films. With us it will always be pretty.","robots":{"index":"index","follow":"follow","max-snippet":"max-snippet:-1","max-image-preview":"max-image-preview:large","max-video-preview":"max-video-preview:-1"},"canonical":"https:\/\/bedzieladnie.com\/en\/homepage\/","og_locale":"en_GB","og_type":"article","og_title":"Produkcja film\u00f3w reklamowych | Agencja filmowa - B\u0119dzie\u0142adnie","og_description":"Agencja filmowa: zajmujemy si\u0119 produkcj\u0105 film\u00f3w reklamowych. Kr\u0119cimy spoty reklamowe oraz filmy promocyjne. Z nami zawsze B\u0119dzie \u0141adnie.","og_url":"https:\/\/bedzieladnie.com\/en\/homepage\/","og_site_name":"B\u0119dzie \u0141adnie","article_publisher":"https:\/\/www.facebook.com\/bedzieladnie","article_modified_time":"2024-03-24T14:56:51+00:00","og_image":[{"width":2000,"height":1186,"url":"https:\/\/bedzieladnie.com\/wp-content\/uploads\/2024\/03\/filmy-reklamowe-bedzieladnie.com_-1.png","type":"image\/png"}],"twitter_card":"summary_large_image","twitter_title":"Produkcja film\u00f3w reklamowych | Agencja filmowa - B\u0119dzie\u0142adnie","twitter_description":"Agencja filmowa: zajmujemy si\u0119 produkcj\u0105 film\u00f3w reklamowych. Kr\u0119cimy spoty reklamowe oraz filmy promocyjne. Z nami zawsze B\u0119dzie \u0141adnie.","twitter_image":"https:\/\/bedzieladnie.com\/wp-content\/uploads\/2024\/03\/filmy-reklamowe-bedzieladnie.com_-1.png","twitter_misc":{"Estimated reading time":"1 minute"},"schema":{"@context":"https:\/\/schema.org","@graph":[{"@type":"WebPage","@id":"https:\/\/bedzieladnie.com\/strona-glowna\/","url":"https:\/\/bedzieladnie.com\/strona-glowna\/","name":"Production of promotional films | Film agency - B\u0119dzie\u0142adnie","isPartOf":{"@id":"https:\/\/bedzieladnie.com\/#website"},"datePublished":"2024-02-14T11:18:49+00:00","dateModified":"2024-03-24T14:56:51+00:00","description":"Film agency: we produce promotional films. We shoot advertising spots and promotional films. With us it will always be pretty.","breadcrumb":{"@id":"https:\/\/bedzieladnie.com\/strona-glowna\/#breadcrumb"},"inLanguage":"en-GB","potentialAction":[{"@type":"ReadAction","target":["https:\/\/bedzieladnie.com\/strona-glowna\/"]}]},{"@type":"BreadcrumbList","@id":"https:\/\/bedzieladnie.com\/strona-glowna\/#breadcrumb","itemListElement":[{"@type":"ListItem","position":1,"name":"Strona g\u0142\u00f3wna","item":"https:\/\/bedzieladnie.com\/"},{"@type":"ListItem","position":2,"name":"Strona g\u0142\u00f3wna"}]},{"@type":"WebSite","@id":"https:\/\/bedzieladnie.com\/#website","url":"https:\/\/bedzieladnie.com\/","name":"B\u0119dzie \u0141adnie - which means everything It's going to be nice","description":"Website of a producer of commercials, instructional videos, advertisements and much more!","publisher":{"@id":"https:\/\/bedzieladnie.com\/#organization"},"potentialAction":[{"@type":"SearchAction","target":{"@type":"EntryPoint","urlTemplate":"https:\/\/bedzieladnie.com\/?s={search_term_string}"},"query-input":{"@type":"PropertyValueSpecification","valueRequired":true,"valueName":"search_term_string"}}],"inLanguage":"en-GB"},{"@type":"Organization","@id":"https:\/\/bedzieladnie.com\/#organization","name":"It'll Be Nice - Film Production","url":"https:\/\/bedzieladnie.com\/","logo":{"@type":"ImageObject","inLanguage":"en-GB","@id":"https:\/\/bedzieladnie.com\/#\/schema\/logo\/image\/","url":"https:\/\/bedzieladnie.com\/wp-content\/uploads\/2021\/04\/about-us-image-min.png","contentUrl":"https:\/\/bedzieladnie.com\/wp-content\/uploads\/2021\/04\/about-us-image-min.png","width":206,"height":206,"caption":"B\u0119dzie \u0141adnie - Produkcja Filmowa"},"image":{"@id":"https:\/\/bedzieladnie.com\/#\/schema\/logo\/image\/"},"sameAs":["https:\/\/www.facebook.com\/bedzieladnie"]}]}},"_links":{"self":[{"href":"https:\/\/bedzieladnie.com\/en\/wp-json\/wp\/v2\/pages\/1872","targetHints":{"allow":["GET"]}}],"collection":[{"href":"https:\/\/bedzieladnie.com\/en\/wp-json\/wp\/v2\/pages"}],"about":[{"href":"https:\/\/bedzieladnie.com\/en\/wp-json\/wp\/v2\/types\/page"}],"author":[{"embeddable":true,"href":"https:\/\/bedzieladnie.com\/en\/wp-json\/wp\/v2\/users\/1"}],"replies":[{"embeddable":true,"href":"https:\/\/bedzieladnie.com\/en\/wp-json\/wp\/v2\/comments?post=1872"}],"version-history":[{"count":1,"href":"https:\/\/bedzieladnie.com\/en\/wp-json\/wp\/v2\/pages\/1872\/revisions"}],"predecessor-version":[{"id":2067,"href":"https:\/\/bedzieladnie.com\/en\/wp-json\/wp\/v2\/pages\/1872\/revisions\/2067"}],"wp:attachment":[{"href":"https:\/\/bedzieladnie.com\/en\/wp-json\/wp\/v2\/media?parent=1872"}],"curies":[{"name":"wp","href":"https:\/\/api.w.org\/{rel}","templated":true}]}}