{"id":2666,"date":"2024-05-14T01:13:06","date_gmt":"2024-05-13T23:13:06","guid":{"rendered":"https:\/\/bedzieladnie.com\/?page_id=2666"},"modified":"2026-01-18T14:57:57","modified_gmt":"2026-01-18T13:57:57","slug":"contact","status":"publish","type":"page","link":"https:\/\/bedzieladnie.com\/en\/contact\/","title":{"rendered":"Contact us"},"content":{"rendered":"<div data-elementor-type=\"wp-page\" data-elementor-id=\"2666\" class=\"elementor elementor-2666\" data-elementor-post-type=\"page\">\n\t\t\t\t\t\t<section class=\"elementor-section elementor-top-section elementor-element elementor-element-176a71cc elementor-section-boxed elementor-section-height-default elementor-section-height-default\" data-id=\"176a71cc\" data-element_type=\"section\" id=\"xs_testi_5\" data-settings=\"{&quot;background_background&quot;:&quot;classic&quot;}\">\n\t\t\t\t\t\t<div class=\"elementor-container elementor-column-gap-default\">\n\t\t\t\t\t<div class=\"elementor-column elementor-col-100 elementor-top-column elementor-element elementor-element-46db91d3\" data-id=\"46db91d3\" data-element_type=\"column\">\n\t\t\t<div class=\"elementor-widget-wrap elementor-element-populated\">\n\t\t\t\t\t\t<section class=\"elementor-section elementor-inner-section elementor-element elementor-element-63865dd0 elementor-section-boxed elementor-section-height-default elementor-section-height-default\" data-id=\"63865dd0\" data-element_type=\"section\">\n\t\t\t\t\t\t<div class=\"elementor-container elementor-column-gap-default\">\n\t\t\t\t\t<div class=\"elementor-column elementor-col-100 elementor-inner-column elementor-element elementor-element-442141c1\" data-id=\"442141c1\" data-element_type=\"column\">\n\t\t\t<div class=\"elementor-widget-wrap elementor-element-populated\">\n\t\t\t\t\t\t<div class=\"elementor-element elementor-element-30a16ea7 e-transform elementor-widget elementor-widget-elementskit-testimonial\" data-id=\"30a16ea7\" data-element_type=\"widget\" data-settings=\"{&quot;_transform_rotateZ_effect&quot;:{&quot;unit&quot;:&quot;px&quot;,&quot;size&quot;:&quot;&quot;,&quot;sizes&quot;:[]},&quot;_transform_rotateZ_effect_tablet&quot;:{&quot;unit&quot;:&quot;deg&quot;,&quot;size&quot;:&quot;&quot;,&quot;sizes&quot;:[]},&quot;_transform_rotateZ_effect_mobile&quot;:{&quot;unit&quot;:&quot;deg&quot;,&quot;size&quot;:&quot;&quot;,&quot;sizes&quot;:[]}}\" data-widget_type=\"elementskit-testimonial.default\">\n\t\t\t\t<div class=\"elementor-widget-container\">\n\t\t\t\t\t<div class=\"ekit-wid-con\" ><div class=\"elementskit-testimonial-slider arrow_inside elementskit-default-testimonial\" data-config=\"{&quot;rtl&quot;:false,&quot;arrows&quot;:false,&quot;dots&quot;:false,&quot;pauseOnHover&quot;:false,&quot;autoplay&quot;:false,&quot;speed&quot;:&quot;5000&quot;,&quot;slidesPerGroup&quot;:1,&quot;slidesPerView&quot;:1,&quot;loop&quot;:false,&quot;spaceBetween&quot;:15,&quot;breakpoints&quot;:{&quot;320&quot;:{&quot;slidesPerView&quot;:1,&quot;slidesPerGroup&quot;:1,&quot;spaceBetween&quot;:10},&quot;768&quot;:{&quot;slidesPerView&quot;:2,&quot;slidesPerGroup&quot;:1,&quot;spaceBetween&quot;:10},&quot;1024&quot;:{&quot;slidesPerView&quot;:1,&quot;slidesPerGroup&quot;:1,&quot;spaceBetween&quot;:15}}}\">\n\t<div class=\"ekit-main-swiper swiper\">\n\t\t<div class=\"swiper-wrapper\">\n\t\t\t\t\t\t\t<div class=\"swiper-slide\">\n\t\t\t\t\t<div class=\"swiper-slide-inner\">\n\t\t\t\t\t\t<div class=\"elemntskit-testimonial-item\" >\n\t\t\t\t\t\t\t<div class=\"elementskit-single-testimonial-slider\">\n\t\t\t\t\t\t\t\t<div class=\"row\">\n\t\t\t\t\t\t\t\t\t<div class=\"col-lg-6 elementkit-testimonial-col\">\n\t\t\t\t\t\t\t\t\t\t<div class=\"elementskit-commentor-content\">\n\t\t\t\t\t\t\t\t\t\t\t\t\t\t\t\t\t\t\t\t\t\t\t<div class=\"elementskit-client_logo\">\n\t\t\t\t\t\t\t\t\t\t\t\t\t\t\t\t\t\t\t\t\t\t\t\t\t\t<img decoding=\"async\" width=\"88\" height=\"88\" src=\"https:\/\/bedzieladnie.com\/wp-content\/smush-webp\/2024\/05\/small-png.png.webp\" class=\"elementskit-testimonial-client-logo\" alt=\"\" data-smush-webp-fallback=\"{&quot;src&quot;:&quot;https:\\\/\\\/bedzieladnie.com\\\/wp-content\\\/uploads\\\/2024\\\/05\\\/small-png.png&quot;}\" \/>\t\t\t\t\t\t\t\t\t\t\t\t<\/div>\n\t\t\t\t\t\t\t\t\t\t\t\t\t\t\t\t\t\t\t\t\t\t\t\t\t\t\t\t\t\t\t\t\t\t<p>Hi, <br><br>\nLuke here - the director of your film. <br><br>\nOn set, I take care of every detail, striving for perfection.\n\nYour film with the 'Will Be Pretty' crew will exceed even your wildest dreams.\n<br><br>\nReady to make your vision come true? Write or call - quick contact is the key to success!<\/p>\n\t\t\t\t\t\t\t\t\t\t\t\t\t\t\t\t\t\t\t\t\t\t\t\t\t\t\t\t\t\t\t\t\t\t<span class=\"elementskit-border-hr\"><\/span>\n\t\t\t\t\t\t\t\t\t\t\t\t\t\t\t\t\t\t\t\t\t\t<span class=\"elementskit-profile-info\">\n\t\t\t\t\t\t\t\t\t\t\t\t<strong class=\"elementskit-author-name\">\u0141ukasz Matysiak<\/strong>\n\t\t\t\t\t\t\t\t\t\t\t\t<span class=\"elementskit-author-des\">Founder of Will Be Pretty <\/span>\n\t\t\t\t\t\t\t\t\t\t\t<\/span>\n\t\t\t\t\t\t\t\t\t\t<\/div>\n\t\t\t\t\t\t\t\t\t<\/div>\n\t\t\t\t\t\t\t\t\t<div class=\"col-lg-6 elementkit-testimonial-col\">\n\t\t\t\t\t\t\t\t\t\t<div class=\"elementskit-profile-image-card\">\n\t\t\t\t\t\t\t\t\t\t\t<img fetchpriority=\"high\" decoding=\"async\" width=\"2560\" height=\"1440\" src=\"https:\/\/bedzieladnie.com\/wp-content\/uploads\/2024\/07\/dsc0338-scaled.jpg.jpg\" class=\"attachment-full size-full\" alt=\"\" srcset=\"https:\/\/bedzieladnie.com\/wp-content\/uploads\/2024\/07\/dsc0338-scaled.jpg.jpg 2560w, https:\/\/bedzieladnie.com\/wp-content\/uploads\/2024\/07\/dsc0338-scaled.jpg-600x338.jpg 600w, https:\/\/bedzieladnie.com\/wp-content\/uploads\/2024\/07\/dsc0338-scaled.jpg-1200x675.jpg 1200w, https:\/\/bedzieladnie.com\/wp-content\/uploads\/2024\/07\/dsc0338-scaled.jpg-350x197.jpg 350w, https:\/\/bedzieladnie.com\/wp-content\/uploads\/2024\/07\/dsc0338-scaled.jpg-768x432.jpg 768w, https:\/\/bedzieladnie.com\/wp-content\/uploads\/2024\/07\/dsc0338-scaled.jpg-1536x864.jpg 1536w, https:\/\/bedzieladnie.com\/wp-content\/uploads\/2024\/07\/dsc0338-scaled.jpg-2048x1152.jpg 2048w\" sizes=\"(max-width: 2560px) 100vw, 2560px\" \/>\t\t\t\t\t\t\t\t\t\t\t\t\t\t\t\t\t\t\t\t\t<\/div>\n\t\t\t\t\t\t\t\t\t<\/div>\n\t\t\t\t\t\t\t\t<\/div>\n\t\t\t\t\t\t\t<\/div>\n\t\t\t\t\t\t<\/div>\n\t\t\t\t\t<\/div>\n\t\t\t\t<\/div>\n\t\t\t\t\t<\/div>\n\n\t\t\n\t\t\t<\/div>\n<\/div>\n<\/div>\t\t\t\t<\/div>\n\t\t\t\t<\/div>\n\t\t\t\t\t<\/div>\n\t\t<\/div>\n\t\t\t\t\t<\/div>\n\t\t<\/section>\n\t\t\t\t\t<\/div>\n\t\t<\/div>\n\t\t\t\t\t<\/div>\n\t\t<\/section>\n\t\t<div class=\"elementor-element elementor-element-ac5f0c6 e-flex e-con-boxed e-con e-parent\" data-id=\"ac5f0c6\" data-element_type=\"container\">\n\t\t\t\t\t<div class=\"e-con-inner\">\n\t\t<div class=\"elementor-element elementor-element-00b82a6 e-grid e-con-boxed e-con e-child\" data-id=\"00b82a6\" data-element_type=\"container\" data-settings=\"{&quot;background_background&quot;:&quot;classic&quot;}\">\n\t\t\t\t\t<div class=\"e-con-inner\">\n\t\t\t\t<div class=\"elementor-element elementor-element-bf23ea7 elementor-icon-list--layout-traditional elementor-list-item-link-full_width elementor-widget elementor-widget-icon-list\" data-id=\"bf23ea7\" data-element_type=\"widget\" data-widget_type=\"icon-list.default\">\n\t\t\t\t<div class=\"elementor-widget-container\">\n\t\t\t\t\t\t\t<ul class=\"elementor-icon-list-items\">\n\t\t\t\t\t\t\t<li class=\"elementor-icon-list-item\">\n\t\t\t\t\t\t\t\t\t\t\t<a href=\"tel:+48%20508%20164%20721\">\n\n\t\t\t\t\t\t\t\t\t\t\t\t<span class=\"elementor-icon-list-icon\">\n\t\t\t\t\t\t\t<svg aria-hidden=\"true\" class=\"e-font-icon-svg e-fas-phone\" viewbox=\"0 0 512 512\" xmlns=\"http:\/\/www.w3.org\/2000\/svg\"><path d=\"M493.4 24.6l-104-24c-11.3-2.6-22.9 3.3-27.5 13.9l-48 112c-4.2 9.8-1.4 21.3 6.9 28l60.6 49.6c-36 76.7-98.9 140.5-177.2 177.2l-49.6-60.6c-6.8-8.3-18.2-11.1-28-6.9l-112 48C3.9 366.5-2 378.1.6 389.4l24 104C27.1 504.2 36.7 512 48 512c256.1 0 464-207.5 464-464 0-11.2-7.7-20.9-18.6-23.4z\"><\/path><\/svg>\t\t\t\t\t\t<\/span>\n\t\t\t\t\t\t\t\t\t\t<span class=\"elementor-icon-list-text\">+48 508 164 721<\/span>\n\t\t\t\t\t\t\t\t\t\t\t<\/a>\n\t\t\t\t\t\t\t\t\t<\/li>\n\t\t\t\t\t\t<\/ul>\n\t\t\t\t\t\t<\/div>\n\t\t\t\t<\/div>\n\t\t\t\t<div class=\"elementor-element elementor-element-c486ed4 elementor-icon-list--layout-traditional elementor-list-item-link-full_width elementor-widget elementor-widget-icon-list\" data-id=\"c486ed4\" data-element_type=\"widget\" data-widget_type=\"icon-list.default\">\n\t\t\t\t<div class=\"elementor-widget-container\">\n\t\t\t\t\t\t\t<ul class=\"elementor-icon-list-items\">\n\t\t\t\t\t\t\t<li class=\"elementor-icon-list-item\">\n\t\t\t\t\t\t\t\t\t\t\t<a href=\"mailto:hello@bedzieladnie.com\">\n\n\t\t\t\t\t\t\t\t\t\t\t\t<span class=\"elementor-icon-list-icon\">\n\t\t\t\t\t\t\t<svg aria-hidden=\"true\" class=\"e-font-icon-svg e-fas-mail-bulk\" viewbox=\"0 0 576 512\" xmlns=\"http:\/\/www.w3.org\/2000\/svg\"><path d=\"M160 448c-25.6 0-51.2-22.4-64-32-64-44.8-83.2-60.8-96-70.4V480c0 17.67 14.33 32 32 32h256c17.67 0 32-14.33 32-32V345.6c-12.8 9.6-32 25.6-96 70.4-12.8 9.6-38.4 32-64 32zm128-192H32c-17.67 0-32 14.33-32 32v16c25.6 19.2 22.4 19.2 115.2 86.4 9.6 6.4 28.8 25.6 44.8 25.6s35.2-19.2 44.8-22.4c92.8-67.2 89.6-67.2 115.2-86.4V288c0-17.67-14.33-32-32-32zm256-96H224c-17.67 0-32 14.33-32 32v32h96c33.21 0 60.59 25.42 63.71 57.82l.29-.22V416h192c17.67 0 32-14.33 32-32V192c0-17.67-14.33-32-32-32zm-32 128h-64v-64h64v64zm-352-96c0-35.29 28.71-64 64-64h224V32c0-17.67-14.33-32-32-32H96C78.33 0 64 14.33 64 32v192h96v-32z\"><\/path><\/svg>\t\t\t\t\t\t<\/span>\n\t\t\t\t\t\t\t\t\t\t<span class=\"elementor-icon-list-text\">hello@bedzieladnie.com<\/span>\n\t\t\t\t\t\t\t\t\t\t\t<\/a>\n\t\t\t\t\t\t\t\t\t<\/li>\n\t\t\t\t\t\t<\/ul>\n\t\t\t\t\t\t<\/div>\n\t\t\t\t<\/div>\n\t\t\t\t\t<\/div>\n\t\t\t\t<\/div>\n\t\t\t\t\t<\/div>\n\t\t\t\t<\/div>\n\t\t\t\t<\/div>","protected":false},"excerpt":{"rendered":"<p>Hi, It's Luke here - the director of your film. On set I take care of every detail, striving for perfection. Your film with the \"It'll Be Pretty\" crew will exceed even your wildest dreams. Ready to make your vision come true? Write or call - quick contact is the key to success! \u0141ukasz Matysiak Founder B\u0119dzie \u0141adnie +48 508 164 721 hello@bedzieladnie.com<\/p>","protected":false},"author":2,"featured_media":0,"parent":0,"menu_order":0,"comment_status":"closed","ping_status":"closed","template":"elementor_header_footer","meta":{"inline_featured_image":false,"footnotes":""},"class_list":["post-2666","page","type-page","status-publish","hentry"],"yoast_head":"<!-- This site is optimized with the Yoast SEO plugin v26.8 - https:\/\/yoast.com\/product\/yoast-seo-wordpress\/ -->\n<title>Kontakt | B\u0119dzie \u0141adnie<\/title>\n<meta name=\"robots\" content=\"index, follow, max-snippet:-1, max-image-preview:large, max-video-preview:-1\" \/>\n<link rel=\"canonical\" href=\"https:\/\/bedzieladnie.com\/en\/contact\/\" \/>\n<meta property=\"og:locale\" content=\"en_GB\" \/>\n<meta property=\"og:type\" content=\"article\" \/>\n<meta property=\"og:title\" content=\"Kontakt | B\u0119dzie \u0141adnie\" \/>\n<meta property=\"og:description\" content=\"Cze\u015b\u0107, Tu \u0141ukasz &#8211; re\u017cyser Twojego filmu. Na planie dbam o ka\u017cdy detal, d\u0105\u017c\u0105c do doskona\u0142o\u015bci. Tw\u00f3j film z ekip\u0105 &#8222;B\u0119dzie \u0141adnie&#8221; przekroczy nawet naj\u015bmielsze marzenia. Gotowy na spe\u0142nienie twojej wizji? Pisz lub dzwo\u0144 &#8211; szybki kontakt to klucz do sukcesu! \u0141ukasz Matysiak Za\u0142o\u017cyciel B\u0119dzie \u0141adnie +48 508 164 721 hello@bedzieladnie.com\" \/>\n<meta property=\"og:url\" content=\"https:\/\/bedzieladnie.com\/en\/contact\/\" \/>\n<meta property=\"og:site_name\" content=\"B\u0119dzie \u0141adnie\" \/>\n<meta property=\"article:publisher\" content=\"https:\/\/www.facebook.com\/bedzieladnie\" \/>\n<meta property=\"article:modified_time\" content=\"2026-01-18T13:57:57+00:00\" \/>\n<meta property=\"og:image\" content=\"https:\/\/bedzieladnie.com\/wp-content\/uploads\/2024\/05\/small-png.png\" \/>\n<meta name=\"twitter:card\" content=\"summary_large_image\" \/>\n<meta name=\"twitter:label1\" content=\"Estimated reading time\" \/>\n\t<meta name=\"twitter:data1\" content=\"1 minute\" \/>\n<script type=\"application\/ld+json\" class=\"yoast-schema-graph\">{\"@context\":\"https:\/\/schema.org\",\"@graph\":[{\"@type\":\"WebPage\",\"@id\":\"https:\/\/bedzieladnie.com\/kontakt\/\",\"url\":\"https:\/\/bedzieladnie.com\/kontakt\/\",\"name\":\"Kontakt | B\u0119dzie \u0141adnie\",\"isPartOf\":{\"@id\":\"https:\/\/bedzieladnie.com\/#website\"},\"primaryImageOfPage\":{\"@id\":\"https:\/\/bedzieladnie.com\/kontakt\/#primaryimage\"},\"image\":{\"@id\":\"https:\/\/bedzieladnie.com\/kontakt\/#primaryimage\"},\"thumbnailUrl\":\"https:\/\/bedzieladnie.com\/wp-content\/uploads\/2024\/05\/small-png.png\",\"datePublished\":\"2024-05-13T23:13:06+00:00\",\"dateModified\":\"2026-01-18T13:57:57+00:00\",\"breadcrumb\":{\"@id\":\"https:\/\/bedzieladnie.com\/kontakt\/#breadcrumb\"},\"inLanguage\":\"en-GB\",\"potentialAction\":[{\"@type\":\"ReadAction\",\"target\":[\"https:\/\/bedzieladnie.com\/kontakt\/\"]}]},{\"@type\":\"ImageObject\",\"inLanguage\":\"en-GB\",\"@id\":\"https:\/\/bedzieladnie.com\/kontakt\/#primaryimage\",\"url\":\"https:\/\/bedzieladnie.com\/wp-content\/uploads\/2024\/05\/small-png.png\",\"contentUrl\":\"https:\/\/bedzieladnie.com\/wp-content\/uploads\/2024\/05\/small-png.png\"},{\"@type\":\"BreadcrumbList\",\"@id\":\"https:\/\/bedzieladnie.com\/kontakt\/#breadcrumb\",\"itemListElement\":[{\"@type\":\"ListItem\",\"position\":1,\"name\":\"Strona g\u0142\u00f3wna\",\"item\":\"https:\/\/bedzieladnie.com\/\"},{\"@type\":\"ListItem\",\"position\":2,\"name\":\"Kontakt\"}]},{\"@type\":\"WebSite\",\"@id\":\"https:\/\/bedzieladnie.com\/#website\",\"url\":\"https:\/\/bedzieladnie.com\/\",\"name\":\"B\u0119dzie \u0141adnie\",\"description\":\"Strona producenta film\u00f3w reklamowych, instrukta\u017cowych, reklam i wiele innych!\",\"publisher\":{\"@id\":\"https:\/\/bedzieladnie.com\/#organization\"},\"potentialAction\":[{\"@type\":\"SearchAction\",\"target\":{\"@type\":\"EntryPoint\",\"urlTemplate\":\"https:\/\/bedzieladnie.com\/?s={search_term_string}\"},\"query-input\":{\"@type\":\"PropertyValueSpecification\",\"valueRequired\":true,\"valueName\":\"search_term_string\"}}],\"inLanguage\":\"en-GB\"},{\"@type\":\"Organization\",\"@id\":\"https:\/\/bedzieladnie.com\/#organization\",\"name\":\"B\u0119dzie \u0141adnie - Produkcja Filmowa\",\"url\":\"https:\/\/bedzieladnie.com\/\",\"logo\":{\"@type\":\"ImageObject\",\"inLanguage\":\"en-GB\",\"@id\":\"https:\/\/bedzieladnie.com\/#\/schema\/logo\/image\/\",\"url\":\"https:\/\/bedzieladnie.com\/wp-content\/uploads\/2021\/04\/about-us-image-min.png\",\"contentUrl\":\"https:\/\/bedzieladnie.com\/wp-content\/uploads\/2021\/04\/about-us-image-min.png\",\"width\":206,\"height\":206,\"caption\":\"B\u0119dzie \u0141adnie - Produkcja Filmowa\"},\"image\":{\"@id\":\"https:\/\/bedzieladnie.com\/#\/schema\/logo\/image\/\"},\"sameAs\":[\"https:\/\/www.facebook.com\/bedzieladnie\"]}]}<\/script>\n<!-- \/ Yoast SEO plugin. -->","yoast_head_json":{"title":"Contact | It will be nice","robots":{"index":"index","follow":"follow","max-snippet":"max-snippet:-1","max-image-preview":"max-image-preview:large","max-video-preview":"max-video-preview:-1"},"canonical":"https:\/\/bedzieladnie.com\/en\/contact\/","og_locale":"en_GB","og_type":"article","og_title":"Kontakt | B\u0119dzie \u0141adnie","og_description":"Cze\u015b\u0107, Tu \u0141ukasz &#8211; re\u017cyser Twojego filmu. Na planie dbam o ka\u017cdy detal, d\u0105\u017c\u0105c do doskona\u0142o\u015bci. Tw\u00f3j film z ekip\u0105 &#8222;B\u0119dzie \u0141adnie&#8221; przekroczy nawet naj\u015bmielsze marzenia. Gotowy na spe\u0142nienie twojej wizji? Pisz lub dzwo\u0144 &#8211; szybki kontakt to klucz do sukcesu! \u0141ukasz Matysiak Za\u0142o\u017cyciel B\u0119dzie \u0141adnie +48 508 164 721 hello@bedzieladnie.com","og_url":"https:\/\/bedzieladnie.com\/en\/contact\/","og_site_name":"B\u0119dzie \u0141adnie","article_publisher":"https:\/\/www.facebook.com\/bedzieladnie","article_modified_time":"2026-01-18T13:57:57+00:00","og_image":[{"url":"https:\/\/bedzieladnie.com\/wp-content\/uploads\/2024\/05\/small-png.png","type":"","width":"","height":""}],"twitter_card":"summary_large_image","twitter_misc":{"Estimated reading time":"1 minute"},"schema":{"@context":"https:\/\/schema.org","@graph":[{"@type":"WebPage","@id":"https:\/\/bedzieladnie.com\/kontakt\/","url":"https:\/\/bedzieladnie.com\/kontakt\/","name":"Contact | It will be nice","isPartOf":{"@id":"https:\/\/bedzieladnie.com\/#website"},"primaryImageOfPage":{"@id":"https:\/\/bedzieladnie.com\/kontakt\/#primaryimage"},"image":{"@id":"https:\/\/bedzieladnie.com\/kontakt\/#primaryimage"},"thumbnailUrl":"https:\/\/bedzieladnie.com\/wp-content\/uploads\/2024\/05\/small-png.png","datePublished":"2024-05-13T23:13:06+00:00","dateModified":"2026-01-18T13:57:57+00:00","breadcrumb":{"@id":"https:\/\/bedzieladnie.com\/kontakt\/#breadcrumb"},"inLanguage":"en-GB","potentialAction":[{"@type":"ReadAction","target":["https:\/\/bedzieladnie.com\/kontakt\/"]}]},{"@type":"ImageObject","inLanguage":"en-GB","@id":"https:\/\/bedzieladnie.com\/kontakt\/#primaryimage","url":"https:\/\/bedzieladnie.com\/wp-content\/uploads\/2024\/05\/small-png.png","contentUrl":"https:\/\/bedzieladnie.com\/wp-content\/uploads\/2024\/05\/small-png.png"},{"@type":"BreadcrumbList","@id":"https:\/\/bedzieladnie.com\/kontakt\/#breadcrumb","itemListElement":[{"@type":"ListItem","position":1,"name":"Strona g\u0142\u00f3wna","item":"https:\/\/bedzieladnie.com\/"},{"@type":"ListItem","position":2,"name":"Kontakt"}]},{"@type":"WebSite","@id":"https:\/\/bedzieladnie.com\/#website","url":"https:\/\/bedzieladnie.com\/","name":"B\u0119dzie \u0141adnie - which means everything It's going to be nice","description":"Website of a producer of commercials, instructional videos, advertisements and much more!","publisher":{"@id":"https:\/\/bedzieladnie.com\/#organization"},"potentialAction":[{"@type":"SearchAction","target":{"@type":"EntryPoint","urlTemplate":"https:\/\/bedzieladnie.com\/?s={search_term_string}"},"query-input":{"@type":"PropertyValueSpecification","valueRequired":true,"valueName":"search_term_string"}}],"inLanguage":"en-GB"},{"@type":"Organization","@id":"https:\/\/bedzieladnie.com\/#organization","name":"It'll Be Nice - Film Production","url":"https:\/\/bedzieladnie.com\/","logo":{"@type":"ImageObject","inLanguage":"en-GB","@id":"https:\/\/bedzieladnie.com\/#\/schema\/logo\/image\/","url":"https:\/\/bedzieladnie.com\/wp-content\/uploads\/2021\/04\/about-us-image-min.png","contentUrl":"https:\/\/bedzieladnie.com\/wp-content\/uploads\/2021\/04\/about-us-image-min.png","width":206,"height":206,"caption":"B\u0119dzie \u0141adnie - Produkcja Filmowa"},"image":{"@id":"https:\/\/bedzieladnie.com\/#\/schema\/logo\/image\/"},"sameAs":["https:\/\/www.facebook.com\/bedzieladnie"]}]}},"_links":{"self":[{"href":"https:\/\/bedzieladnie.com\/en\/wp-json\/wp\/v2\/pages\/2666","targetHints":{"allow":["GET"]}}],"collection":[{"href":"https:\/\/bedzieladnie.com\/en\/wp-json\/wp\/v2\/pages"}],"about":[{"href":"https:\/\/bedzieladnie.com\/en\/wp-json\/wp\/v2\/types\/page"}],"author":[{"embeddable":true,"href":"https:\/\/bedzieladnie.com\/en\/wp-json\/wp\/v2\/users\/2"}],"replies":[{"embeddable":true,"href":"https:\/\/bedzieladnie.com\/en\/wp-json\/wp\/v2\/comments?post=2666"}],"version-history":[{"count":50,"href":"https:\/\/bedzieladnie.com\/en\/wp-json\/wp\/v2\/pages\/2666\/revisions"}],"predecessor-version":[{"id":5338,"href":"https:\/\/bedzieladnie.com\/en\/wp-json\/wp\/v2\/pages\/2666\/revisions\/5338"}],"wp:attachment":[{"href":"https:\/\/bedzieladnie.com\/en\/wp-json\/wp\/v2\/media?parent=2666"}],"curies":[{"name":"wp","href":"https:\/\/api.w.org\/{rel}","templated":true}]}}