{"id":2816,"date":"2024-05-16T00:16:58","date_gmt":"2024-05-15T22:16:58","guid":{"rendered":"https:\/\/bedzieladnie.com\/?page_id=2816"},"modified":"2024-10-09T16:04:58","modified_gmt":"2024-10-09T14:04:58","slug":"about-the-team","status":"publish","type":"page","link":"https:\/\/bedzieladnie.com\/en\/about-the-team\/","title":{"rendered":"About"},"content":{"rendered":"<div data-elementor-type=\"wp-page\" data-elementor-id=\"2816\" class=\"elementor elementor-2816\" data-elementor-post-type=\"page\">\n\t\t\t\t<div class=\"elementor-element elementor-element-4f9c078 e-flex e-con-boxed elementor-invisible e-con e-parent\" data-id=\"4f9c078\" data-element_type=\"container\" data-settings=\"{&quot;animation&quot;:&quot;fadeInUp&quot;}\">\n\t\t\t\t\t<div class=\"e-con-inner\">\n\t\t<div class=\"elementor-element elementor-element-7f92ca1 e-con-full e-flex e-con e-child\" data-id=\"7f92ca1\" data-element_type=\"container\">\n\t\t<div class=\"elementor-element elementor-element-d04685c e-con-full e-flex e-con e-child\" data-id=\"d04685c\" data-element_type=\"container\">\n\t\t<div class=\"elementor-element elementor-element-4ef83dc e-con-full e-flex e-con e-child\" data-id=\"4ef83dc\" data-element_type=\"container\">\n\t\t\t\t<div class=\"elementor-element elementor-element-36a102f elementor-widget elementor-widget-elementskit-heading\" data-id=\"36a102f\" data-element_type=\"widget\" data-widget_type=\"elementskit-heading.default\">\n\t\t\t\t<div class=\"elementor-widget-container\">\n\t\t\t\t\t<div class=\"ekit-wid-con\" ><div class=\"ekit-heading elementskit-section-title-wraper text_left   ekit_heading_tablet-   ekit_heading_mobile-\"><h3 class=\"elementskit-section-subtitle\">\n\t\t\t\t\t\t#Everything_will_be_perfect\n\t\t\t\t\t<\/h3><h2 class=\"ekit-heading--title elementskit-section-title\">About the team<\/h2><\/div><\/div>\t\t\t\t<\/div>\n\t\t\t\t<\/div>\n\t\t\t\t<div class=\"elementor-element elementor-element-c2e10fd elementor-widget elementor-widget-text-editor\" data-id=\"c2e10fd\" data-element_type=\"widget\" data-widget_type=\"text-editor.default\">\n\t\t\t\t<div class=\"elementor-widget-container\">\n\t\t\t\t\t\t\t\t\t<p class=\"translation-block\">\"B\u0119dzie \u0141adnie - which means everything will be perfect\" is a professional film group that will realise your vision and create a film for the 21st century. We have been in business since 2017 and have created hundreds of productions over 7 years!<\/p><p>Whether you want to tell your company's story, advertise a new product or simply share your passions with others, 'It'll Be Pretty' is here to make your filmmaking dreams a reality. Give us your idea and we'll create a 21st century film for you that will move, delight and be memorable.<\/p>\t\t\t\t\t\t\t\t<\/div>\n\t\t\t\t<\/div>\n\t\t\t\t<div class=\"elementor-element elementor-element-a048240 elementor-widget elementor-widget-spacer\" data-id=\"a048240\" data-element_type=\"widget\" data-widget_type=\"spacer.default\">\n\t\t\t\t<div class=\"elementor-widget-container\">\n\t\t\t\t\t\t\t<div class=\"elementor-spacer\">\n\t\t\t<div class=\"elementor-spacer-inner\"><\/div>\n\t\t<\/div>\n\t\t\t\t\t\t<\/div>\n\t\t\t\t<\/div>\n\t\t\t\t<div class=\"elementor-element elementor-element-70bbe32 elementor-align-left elementor-widget__width-auto elementor-widget-mobile__width-inherit elementor-widget elementor-widget-elementskit-button\" data-id=\"70bbe32\" data-element_type=\"widget\" data-widget_type=\"elementskit-button.default\">\n\t\t\t\t<div class=\"elementor-widget-container\">\n\t\t\t\t\t<div class=\"ekit-wid-con\" >\t\t<div class=\"ekit-btn-wraper\">\n\t\t\t\t\t\t\t<a href=\"#kontakt\" class=\"elementskit-btn  whitespace--normal\" id=\"\">\n\t\t\t\t\tContact us\t\t\t\t<\/a>\n\t\t\t\t\t<\/div>\n        <\/div>\t\t\t\t<\/div>\n\t\t\t\t<\/div>\n\t\t\t\t<\/div>\n\t\t<div class=\"elementor-element elementor-element-366157c e-con-full e-flex e-con e-child\" data-id=\"366157c\" data-element_type=\"container\" data-settings=\"{&quot;background_background&quot;:&quot;classic&quot;}\">\n\t\t\t\t<div class=\"elementor-element elementor-element-4596a20 elementor-widget elementor-widget-image-carousel\" data-id=\"4596a20\" data-element_type=\"widget\" data-settings=\"{&quot;slides_to_show&quot;:&quot;1&quot;,&quot;navigation&quot;:&quot;none&quot;,&quot;autoplay_speed&quot;:2000,&quot;effect&quot;:&quot;fade&quot;,&quot;autoplay&quot;:&quot;yes&quot;,&quot;pause_on_hover&quot;:&quot;yes&quot;,&quot;pause_on_interaction&quot;:&quot;yes&quot;,&quot;infinite&quot;:&quot;yes&quot;,&quot;speed&quot;:500}\" data-widget_type=\"image-carousel.default\">\n\t\t\t\t<div class=\"elementor-widget-container\">\n\t\t\t\t\t\t\t<div class=\"elementor-image-carousel-wrapper swiper\" role=\"region\" aria-roledescription=\"carousel\" aria-label=\"Image Carousel\" dir=\"ltr\" data-no-translation-aria-label=\"\">\n\t\t\t<div class=\"elementor-image-carousel swiper-wrapper swiper-image-stretch\" aria-live=\"off\">\n\t\t\t\t\t\t\t\t<div class=\"swiper-slide\" role=\"group\" aria-roledescription=\"slide\" aria-label=\"1 of 7\" data-no-translation-aria-label=\"\"><figure class=\"swiper-slide-inner\"><img decoding=\"async\" class=\"swiper-slide-image\" src=\"https:\/\/bedzieladnie.com\/wp-content\/uploads\/elementor\/thumbs\/typemedia_1_-18-scaled-qnrl1duvixzdsfhte9iexocb7lnbd1wdjvq1q1gov4.jpg\" alt=\"TYPEMEDIA_1_ 18\" \/><\/figure><\/div><div class=\"swiper-slide\" role=\"group\" aria-roledescription=\"slide\" aria-label=\"2 of 7\" data-no-translation-aria-label=\"\"><figure class=\"swiper-slide-inner\"><img decoding=\"async\" class=\"swiper-slide-image\" src=\"https:\/\/bedzieladnie.com\/wp-content\/uploads\/elementor\/thumbs\/typemedia_1_-27-scaled-qnrkrry9nwtv3xg9i3zpg3molt08ofr5kbnd47pkgw.jpg\" alt=\"TYPEMEDIA_1_ 27\" \/><\/figure><\/div><div class=\"swiper-slide\" role=\"group\" aria-roledescription=\"slide\" aria-label=\"3 of 7\" data-no-translation-aria-label=\"\"><figure class=\"swiper-slide-inner\"><img decoding=\"async\" class=\"swiper-slide-image\" src=\"https:\/\/bedzieladnie.com\/wp-content\/uploads\/elementor\/thumbs\/typemedia_1_-29-scaled-qnrkpkztptts0omyb5v1mnjypftepv1p9guksyymzk.jpg\" alt=\"TYPEMEDIA_1_ 29\" \/><\/figure><\/div><div class=\"swiper-slide\" role=\"group\" aria-roledescription=\"slide\" aria-label=\"4 of 7\" data-no-translation-aria-label=\"\"><figure class=\"swiper-slide-inner\"><img decoding=\"async\" class=\"swiper-slide-image\" src=\"https:\/\/bedzieladnie.com\/wp-content\/uploads\/elementor\/thumbs\/typemedia_1_-23-scaled-qnrkuuv82d1p5wz5ifxombn2p9tjwpzhbkmnqv542o.jpg\" alt=\"TYPEMEDIA_1_ 23\" \/><\/figure><\/div><div class=\"swiper-slide\" role=\"group\" aria-roledescription=\"slide\" aria-label=\"5 of 7\" data-no-translation-aria-label=\"\"><figure class=\"swiper-slide-inner\"><img decoding=\"async\" class=\"swiper-slide-image\" src=\"https:\/\/bedzieladnie.com\/wp-content\/uploads\/elementor\/thumbs\/typemedia_1_-9-scaled-qn5b204rs38l2csbzg89k9o6lh0e7qim3t7x65cjj4.jpg\" alt=\"TYPEMEDIA_1_ 9\" \/><\/figure><\/div><div class=\"swiper-slide\" role=\"group\" aria-roledescription=\"slide\" aria-label=\"6 of 7\" data-no-translation-aria-label=\"\"><figure class=\"swiper-slide-inner\"><img decoding=\"async\" class=\"swiper-slide-image\" src=\"https:\/\/bedzieladnie.com\/wp-content\/uploads\/elementor\/thumbs\/typemedia_1_-1-1-scaled-qn59zlg6isnsnykr9ck26gl4robgoz1ghpko84ans0.jpg\" alt=\"TYPEMEDIA_1_ 1\" \/><\/figure><\/div><div class=\"swiper-slide\" role=\"group\" aria-roledescription=\"slide\" aria-label=\"7 of 7\" data-no-translation-aria-label=\"\"><figure class=\"swiper-slide-inner\"><img decoding=\"async\" class=\"swiper-slide-image\" src=\"https:\/\/bedzieladnie.com\/wp-content\/uploads\/elementor\/thumbs\/typemedia_1_-68-scaled-qmsb42i3d6fa9ag2epb7sa4s6oh57fbqo6fz2izduo.jpg\" alt=\"TYPEMEDIA_1_ 68\" \/><\/figure><\/div>\t\t\t<\/div>\n\t\t\t\t\t\t\t\n\t\t\t\t\t\t\t\t\t<\/div>\n\t\t\t\t\t\t<\/div>\n\t\t\t\t<\/div>\n\t\t\t\t<\/div>\n\t\t\t\t<\/div>\n\t\t\t\t<\/div>\n\t\t\t\t\t<\/div>\n\t\t\t\t<\/div>\n\t\t\t\t<\/div>","protected":false},"excerpt":{"rendered":"<p>#WILL BE NICE About the team \"Will be Nice\" is a professional filmmaking group that will realize your vision and create a film for the 21st century. We have been in business since 2017 and have created hundreds of productions over 7 years! Whether you want to tell the story of your company, advertise a new product or simply share your passions with other [...]<\/p>","protected":false},"author":2,"featured_media":0,"parent":0,"menu_order":0,"comment_status":"closed","ping_status":"closed","template":"elementor_header_footer","meta":{"inline_featured_image":false,"footnotes":""},"class_list":["post-2816","page","type-page","status-publish","hentry"],"yoast_head":"<!-- This site is optimized with the Yoast SEO plugin v26.8 - https:\/\/yoast.com\/product\/yoast-seo-wordpress\/ -->\n<title>O nas | B\u0119dzie \u0141adnie<\/title>\n<meta name=\"robots\" content=\"index, follow, max-snippet:-1, max-image-preview:large, max-video-preview:-1\" \/>\n<link rel=\"canonical\" href=\"https:\/\/bedzieladnie.com\/en\/about-the-team\/\" \/>\n<meta property=\"og:locale\" content=\"en_GB\" \/>\n<meta property=\"og:type\" content=\"article\" \/>\n<meta property=\"og:title\" content=\"O nas | B\u0119dzie \u0141adnie\" \/>\n<meta property=\"og:description\" content=\"#B\u0118DZIE \u0141ADNIE O zespole \u201cB\u0119dzie \u0141adnie\u201d to profesjonalna grupa filmowa, kt\u00f3ra zrealizuje Twoj\u0105 wizj\u0119 i stworzy film na miar\u0119 XXI wieku. Dzia\u0142amy na rynku od 2017 roku i na przestrzeni 7 lat stworzyli\u015bmy setki produkcji! Nie wa\u017cne czy chcesz opowiedzie\u0107 histori\u0119 swojej firmy, zareklamowa\u0107 nowy produkt czy po prostu podzieli\u0107 si\u0119 swoimi pasjami z innymi [&hellip;]\" \/>\n<meta property=\"og:url\" content=\"https:\/\/bedzieladnie.com\/en\/about-the-team\/\" \/>\n<meta property=\"og:site_name\" content=\"B\u0119dzie \u0141adnie\" \/>\n<meta property=\"article:publisher\" content=\"https:\/\/www.facebook.com\/bedzieladnie\" \/>\n<meta property=\"article:modified_time\" content=\"2024-10-09T14:04:58+00:00\" \/>\n<meta property=\"og:image\" content=\"https:\/\/bedzieladnie.com\/wp-content\/uploads\/elementor\/thumbs\/typemedia_1_-18-scaled-qnrl1duvixzdsfhte9iexocb7lnbd1wdjvq1q1gov4.jpg\" \/>\n<meta name=\"twitter:card\" content=\"summary_large_image\" \/>\n<meta name=\"twitter:label1\" content=\"Estimated reading time\" \/>\n\t<meta name=\"twitter:data1\" content=\"3 minutes\" \/>\n<script type=\"application\/ld+json\" class=\"yoast-schema-graph\">{\"@context\":\"https:\/\/schema.org\",\"@graph\":[{\"@type\":\"WebPage\",\"@id\":\"https:\/\/bedzieladnie.com\/o-zespole\/\",\"url\":\"https:\/\/bedzieladnie.com\/o-zespole\/\",\"name\":\"O nas | B\u0119dzie \u0141adnie\",\"isPartOf\":{\"@id\":\"https:\/\/bedzieladnie.com\/#website\"},\"primaryImageOfPage\":{\"@id\":\"https:\/\/bedzieladnie.com\/o-zespole\/#primaryimage\"},\"image\":{\"@id\":\"https:\/\/bedzieladnie.com\/o-zespole\/#primaryimage\"},\"thumbnailUrl\":\"https:\/\/bedzieladnie.com\/wp-content\/uploads\/elementor\/thumbs\/typemedia_1_-18-scaled-qnrl1duvixzdsfhte9iexocb7lnbd1wdjvq1q1gov4.jpg\",\"datePublished\":\"2024-05-15T22:16:58+00:00\",\"dateModified\":\"2024-10-09T14:04:58+00:00\",\"breadcrumb\":{\"@id\":\"https:\/\/bedzieladnie.com\/o-zespole\/#breadcrumb\"},\"inLanguage\":\"en-GB\",\"potentialAction\":[{\"@type\":\"ReadAction\",\"target\":[\"https:\/\/bedzieladnie.com\/o-zespole\/\"]}]},{\"@type\":\"ImageObject\",\"inLanguage\":\"en-GB\",\"@id\":\"https:\/\/bedzieladnie.com\/o-zespole\/#primaryimage\",\"url\":\"https:\/\/bedzieladnie.com\/wp-content\/uploads\/elementor\/thumbs\/typemedia_1_-18-scaled-qnrl1duvixzdsfhte9iexocb7lnbd1wdjvq1q1gov4.jpg\",\"contentUrl\":\"https:\/\/bedzieladnie.com\/wp-content\/uploads\/elementor\/thumbs\/typemedia_1_-18-scaled-qnrl1duvixzdsfhte9iexocb7lnbd1wdjvq1q1gov4.jpg\"},{\"@type\":\"BreadcrumbList\",\"@id\":\"https:\/\/bedzieladnie.com\/o-zespole\/#breadcrumb\",\"itemListElement\":[{\"@type\":\"ListItem\",\"position\":1,\"name\":\"Strona g\u0142\u00f3wna\",\"item\":\"https:\/\/bedzieladnie.com\/\"},{\"@type\":\"ListItem\",\"position\":2,\"name\":\"O nas\"}]},{\"@type\":\"WebSite\",\"@id\":\"https:\/\/bedzieladnie.com\/#website\",\"url\":\"https:\/\/bedzieladnie.com\/\",\"name\":\"B\u0119dzie \u0141adnie\",\"description\":\"Strona producenta film\u00f3w reklamowych, instrukta\u017cowych, reklam i wiele innych!\",\"publisher\":{\"@id\":\"https:\/\/bedzieladnie.com\/#organization\"},\"potentialAction\":[{\"@type\":\"SearchAction\",\"target\":{\"@type\":\"EntryPoint\",\"urlTemplate\":\"https:\/\/bedzieladnie.com\/?s={search_term_string}\"},\"query-input\":{\"@type\":\"PropertyValueSpecification\",\"valueRequired\":true,\"valueName\":\"search_term_string\"}}],\"inLanguage\":\"en-GB\"},{\"@type\":\"Organization\",\"@id\":\"https:\/\/bedzieladnie.com\/#organization\",\"name\":\"B\u0119dzie \u0141adnie - Produkcja Filmowa\",\"url\":\"https:\/\/bedzieladnie.com\/\",\"logo\":{\"@type\":\"ImageObject\",\"inLanguage\":\"en-GB\",\"@id\":\"https:\/\/bedzieladnie.com\/#\/schema\/logo\/image\/\",\"url\":\"https:\/\/bedzieladnie.com\/wp-content\/uploads\/2021\/04\/about-us-image-min.png\",\"contentUrl\":\"https:\/\/bedzieladnie.com\/wp-content\/uploads\/2021\/04\/about-us-image-min.png\",\"width\":206,\"height\":206,\"caption\":\"B\u0119dzie \u0141adnie - Produkcja Filmowa\"},\"image\":{\"@id\":\"https:\/\/bedzieladnie.com\/#\/schema\/logo\/image\/\"},\"sameAs\":[\"https:\/\/www.facebook.com\/bedzieladnie\"]}]}<\/script>\n<!-- \/ Yoast SEO plugin. -->","yoast_head_json":{"title":"About us | It's going to be nice","robots":{"index":"index","follow":"follow","max-snippet":"max-snippet:-1","max-image-preview":"max-image-preview:large","max-video-preview":"max-video-preview:-1"},"canonical":"https:\/\/bedzieladnie.com\/en\/about-the-team\/","og_locale":"en_GB","og_type":"article","og_title":"O nas | B\u0119dzie \u0141adnie","og_description":"#B\u0118DZIE \u0141ADNIE O zespole \u201cB\u0119dzie \u0141adnie\u201d to profesjonalna grupa filmowa, kt\u00f3ra zrealizuje Twoj\u0105 wizj\u0119 i stworzy film na miar\u0119 XXI wieku. Dzia\u0142amy na rynku od 2017 roku i na przestrzeni 7 lat stworzyli\u015bmy setki produkcji! Nie wa\u017cne czy chcesz opowiedzie\u0107 histori\u0119 swojej firmy, zareklamowa\u0107 nowy produkt czy po prostu podzieli\u0107 si\u0119 swoimi pasjami z innymi [&hellip;]","og_url":"https:\/\/bedzieladnie.com\/en\/about-the-team\/","og_site_name":"B\u0119dzie \u0141adnie","article_publisher":"https:\/\/www.facebook.com\/bedzieladnie","article_modified_time":"2024-10-09T14:04:58+00:00","og_image":[{"url":"https:\/\/bedzieladnie.com\/wp-content\/uploads\/elementor\/thumbs\/typemedia_1_-18-scaled-qnrl1duvixzdsfhte9iexocb7lnbd1wdjvq1q1gov4.jpg","type":"","width":"","height":""}],"twitter_card":"summary_large_image","twitter_misc":{"Estimated reading time":"3 minutes"},"schema":{"@context":"https:\/\/schema.org","@graph":[{"@type":"WebPage","@id":"https:\/\/bedzieladnie.com\/o-zespole\/","url":"https:\/\/bedzieladnie.com\/o-zespole\/","name":"About us | It's going to be nice","isPartOf":{"@id":"https:\/\/bedzieladnie.com\/#website"},"primaryImageOfPage":{"@id":"https:\/\/bedzieladnie.com\/o-zespole\/#primaryimage"},"image":{"@id":"https:\/\/bedzieladnie.com\/o-zespole\/#primaryimage"},"thumbnailUrl":"https:\/\/bedzieladnie.com\/wp-content\/uploads\/elementor\/thumbs\/typemedia_1_-18-scaled-qnrl1duvixzdsfhte9iexocb7lnbd1wdjvq1q1gov4.jpg","datePublished":"2024-05-15T22:16:58+00:00","dateModified":"2024-10-09T14:04:58+00:00","breadcrumb":{"@id":"https:\/\/bedzieladnie.com\/o-zespole\/#breadcrumb"},"inLanguage":"en-GB","potentialAction":[{"@type":"ReadAction","target":["https:\/\/bedzieladnie.com\/o-zespole\/"]}]},{"@type":"ImageObject","inLanguage":"en-GB","@id":"https:\/\/bedzieladnie.com\/o-zespole\/#primaryimage","url":"https:\/\/bedzieladnie.com\/wp-content\/uploads\/elementor\/thumbs\/typemedia_1_-18-scaled-qnrl1duvixzdsfhte9iexocb7lnbd1wdjvq1q1gov4.jpg","contentUrl":"https:\/\/bedzieladnie.com\/wp-content\/uploads\/elementor\/thumbs\/typemedia_1_-18-scaled-qnrl1duvixzdsfhte9iexocb7lnbd1wdjvq1q1gov4.jpg"},{"@type":"BreadcrumbList","@id":"https:\/\/bedzieladnie.com\/o-zespole\/#breadcrumb","itemListElement":[{"@type":"ListItem","position":1,"name":"Strona g\u0142\u00f3wna","item":"https:\/\/bedzieladnie.com\/"},{"@type":"ListItem","position":2,"name":"O nas"}]},{"@type":"WebSite","@id":"https:\/\/bedzieladnie.com\/#website","url":"https:\/\/bedzieladnie.com\/","name":"B\u0119dzie \u0141adnie - which means everything It's going to be nice","description":"Website of a producer of commercials, instructional videos, advertisements and much more!","publisher":{"@id":"https:\/\/bedzieladnie.com\/#organization"},"potentialAction":[{"@type":"SearchAction","target":{"@type":"EntryPoint","urlTemplate":"https:\/\/bedzieladnie.com\/?s={search_term_string}"},"query-input":{"@type":"PropertyValueSpecification","valueRequired":true,"valueName":"search_term_string"}}],"inLanguage":"en-GB"},{"@type":"Organization","@id":"https:\/\/bedzieladnie.com\/#organization","name":"It'll Be Nice - Film Production","url":"https:\/\/bedzieladnie.com\/","logo":{"@type":"ImageObject","inLanguage":"en-GB","@id":"https:\/\/bedzieladnie.com\/#\/schema\/logo\/image\/","url":"https:\/\/bedzieladnie.com\/wp-content\/uploads\/2021\/04\/about-us-image-min.png","contentUrl":"https:\/\/bedzieladnie.com\/wp-content\/uploads\/2021\/04\/about-us-image-min.png","width":206,"height":206,"caption":"B\u0119dzie \u0141adnie - Produkcja Filmowa"},"image":{"@id":"https:\/\/bedzieladnie.com\/#\/schema\/logo\/image\/"},"sameAs":["https:\/\/www.facebook.com\/bedzieladnie"]}]}},"_links":{"self":[{"href":"https:\/\/bedzieladnie.com\/en\/wp-json\/wp\/v2\/pages\/2816","targetHints":{"allow":["GET"]}}],"collection":[{"href":"https:\/\/bedzieladnie.com\/en\/wp-json\/wp\/v2\/pages"}],"about":[{"href":"https:\/\/bedzieladnie.com\/en\/wp-json\/wp\/v2\/types\/page"}],"author":[{"embeddable":true,"href":"https:\/\/bedzieladnie.com\/en\/wp-json\/wp\/v2\/users\/2"}],"replies":[{"embeddable":true,"href":"https:\/\/bedzieladnie.com\/en\/wp-json\/wp\/v2\/comments?post=2816"}],"version-history":[{"count":43,"href":"https:\/\/bedzieladnie.com\/en\/wp-json\/wp\/v2\/pages\/2816\/revisions"}],"predecessor-version":[{"id":4659,"href":"https:\/\/bedzieladnie.com\/en\/wp-json\/wp\/v2\/pages\/2816\/revisions\/4659"}],"wp:attachment":[{"href":"https:\/\/bedzieladnie.com\/en\/wp-json\/wp\/v2\/media?parent=2816"}],"curies":[{"name":"wp","href":"https:\/\/api.w.org\/{rel}","templated":true}]}}